{"id":385,"date":"2024-03-17T09:08:11","date_gmt":"2024-03-17T08:08:11","guid":{"rendered":"https:\/\/crabhouse.com.mx\/?page_id=385"},"modified":"2025-12-15T19:22:06","modified_gmt":"2025-12-15T18:22:06","slug":"grupos","status":"publish","type":"page","link":"https:\/\/crabhouse.com.mx\/en\/grupos\/","title":{"rendered":"Grupos"},"content":{"rendered":"<div data-elementor-type=\"wp-page\" data-elementor-id=\"385\" class=\"elementor elementor-385\">\n\t\t\t\t\t\t<section class=\"elementor-section elementor-top-section elementor-element elementor-element-2ec02aa0 elementor-section-full_width elementor-section-height-full elementor-section-height-default elementor-section-items-middle\" data-id=\"2ec02aa0\" data-element_type=\"section\" data-settings=\"{&quot;background_background&quot;:&quot;classic&quot;}\">\n\t\t\t\t\t\t\t<div class=\"elementor-background-overlay\"><\/div>\n\t\t\t\t\t\t\t<div class=\"elementor-container elementor-column-gap-default\">\n\t\t\t\t\t<div class=\"elementor-column elementor-col-100 elementor-top-column elementor-element elementor-element-385e9aa7\" data-id=\"385e9aa7\" data-element_type=\"column\">\n\t\t\t<div class=\"elementor-widget-wrap elementor-element-populated\">\n\t\t\t\t\t\t<div class=\"elementor-element elementor-element-daa3ff9 elementor-widget elementor-widget-heading\" data-id=\"daa3ff9\" data-element_type=\"widget\" data-widget_type=\"heading.default\">\n\t\t\t\t<div class=\"elementor-widget-container\">\n\t\t\t\t\t<h1 class=\"elementor-heading-title elementor-size-default\">Grupos y Eventos en Cancun<\/h1>\t\t\t\t<\/div>\n\t\t\t\t<\/div>\n\t\t\t\t\t<\/div>\n\t\t<\/div>\n\t\t\t\t\t<\/div>\n\t\t<\/section>\n\t\t\t\t<section class=\"elementor-section elementor-top-section elementor-element elementor-element-6f7fa7df elementor-section-boxed elementor-section-height-default elementor-section-height-default\" data-id=\"6f7fa7df\" data-element_type=\"section\" data-settings=\"{&quot;background_background&quot;:&quot;classic&quot;}\">\n\t\t\t\t\t\t<div class=\"elementor-container elementor-column-gap-default\">\n\t\t\t\t\t<div class=\"elementor-column elementor-col-50 elementor-top-column elementor-element elementor-element-1b03f0ba\" data-id=\"1b03f0ba\" data-element_type=\"column\">\n\t\t\t<div class=\"elementor-widget-wrap elementor-element-populated\">\n\t\t\t\t\t\t<div class=\"elementor-element elementor-element-f4496b3 v-pos elementor-widget elementor-widget-text-editor\" data-id=\"f4496b3\" data-element_type=\"widget\" data-widget_type=\"text-editor.default\">\n\t\t\t\t<div class=\"elementor-widget-container\">\n\t\t\t\t\t\t\t\t\tCELEBRATE WITH US\t\t\t\t\t\t\t\t<\/div>\n\t\t\t\t<\/div>\n\t\t\t\t<div class=\"elementor-element elementor-element-6eca1698 elementor-widget elementor-widget-heading\" data-id=\"6eca1698\" data-element_type=\"widget\" data-widget_type=\"heading.default\">\n\t\t\t\t<div class=\"elementor-widget-container\">\n\t\t\t\t\t<h2 class=\"elementor-heading-title elementor-size-default\">What do we offer as a restaurant?<\/h2>\t\t\t\t<\/div>\n\t\t\t\t<\/div>\n\t\t\t\t<div class=\"elementor-element elementor-element-122434a9 elementor-widget elementor-widget-text-editor\" data-id=\"122434a9\" data-element_type=\"widget\" data-widget_type=\"text-editor.default\">\n\t\t\t\t<div class=\"elementor-widget-container\">\n\t\t\t\t\t\t\t\t\t<p>Enjoy our 3 stunning terraces that provide an unparalleled view of the Nichupte Lagoon. With direct access to yachts and private meeting rooms, we cater for all your needs. In addition, we are proud to be the second largest marina in Cancun. But that is not all. We are also the only chapel in the whole of the Nichupte Lagoon with an unparalleled view of the sunsets of Cancun, offering a special place for weddings, baptisms, masses of graduation and much more. And to complete your experience, enjoy our delicious fresh food. In CrabHouse, every moment becomes memorable.<\/p>\t\t\t\t\t\t\t\t<\/div>\n\t\t\t\t<\/div>\n\t\t\t\t\t<\/div>\n\t\t<\/div>\n\t\t\t\t<div class=\"elementor-column elementor-col-50 elementor-top-column elementor-element elementor-element-a98652\" data-id=\"a98652\" data-element_type=\"column\">\n\t\t\t<div class=\"elementor-widget-wrap elementor-element-populated\">\n\t\t\t\t\t\t<div class=\"elementor-element elementor-element-448ad335 elementor-widget elementor-widget-image\" data-id=\"448ad335\" data-element_type=\"widget\" data-widget_type=\"image.default\">\n\t\t\t\t<div class=\"elementor-widget-container\">\n\t\t\t\t\t\t\t\t\t\t\t\t\t\t\t<img fetchpriority=\"high\" decoding=\"async\" width=\"520\" height=\"588\" src=\"https:\/\/crabhouse.com.mx\/wp-content\/uploads\/2024\/03\/boda.webp\" class=\"attachment-large size-large wp-image-770\" alt=\"\" srcset=\"https:\/\/crabhouse.com.mx\/wp-content\/uploads\/2024\/03\/boda.webp 520w, https:\/\/crabhouse.com.mx\/wp-content\/uploads\/2024\/03\/boda-265x300.webp 265w\" sizes=\"(max-width: 520px) 100vw, 520px\" \/>\t\t\t\t\t\t\t\t\t\t\t\t\t\t\t<\/div>\n\t\t\t\t<\/div>\n\t\t\t\t\t<\/div>\n\t\t<\/div>\n\t\t\t\t\t<\/div>\n\t\t<\/section>\n\t\t\t\t<section class=\"elementor-section elementor-top-section elementor-element elementor-element-27693604 homeLink2 elementor-section-boxed elementor-section-height-default elementor-section-height-default\" data-id=\"27693604\" data-element_type=\"section\" data-settings=\"{&quot;background_background&quot;:&quot;classic&quot;}\">\n\t\t\t\t\t\t<div class=\"elementor-container elementor-column-gap-default\">\n\t\t\t\t\t<div class=\"elementor-column elementor-col-100 elementor-top-column elementor-element elementor-element-671d851\" data-id=\"671d851\" data-element_type=\"column\">\n\t\t\t<div class=\"elementor-widget-wrap elementor-element-populated\">\n\t\t\t\t\t\t<div class=\"elementor-element elementor-element-c87a383 v-pos elementor-widget elementor-widget-text-editor\" data-id=\"c87a383\" data-element_type=\"widget\" data-widget_type=\"text-editor.default\">\n\t\t\t\t<div class=\"elementor-widget-container\">\n\t\t\t\t\t\t\t\t\tGROUPS AND EVENTS\t\t\t\t\t\t\t\t<\/div>\n\t\t\t\t<\/div>\n\t\t\t\t<div class=\"elementor-element elementor-element-1cc8196 elementor-widget elementor-widget-heading\" data-id=\"1cc8196\" data-element_type=\"widget\" data-widget_type=\"heading.default\">\n\t\t\t\t<div class=\"elementor-widget-container\">\n\t\t\t\t\t<h2 class=\"elementor-heading-title elementor-size-default\">KNOWN SPACES TO BOOK<\/h2>\t\t\t\t<\/div>\n\t\t\t\t<\/div>\n\t\t\t\t<div class=\"elementor-element elementor-element-f1fd9a4 elementor-widget elementor-widget-text-editor\" data-id=\"f1fd9a4\" data-element_type=\"widget\" data-widget_type=\"text-editor.default\">\n\t\t\t\t<div class=\"elementor-widget-container\">\n\t\t\t\t\t\t\t\t\t<p>Please fill out the following form groups to receive information.<\/p><p><strong>Complete the fields below and we will contact you to arrange your event.<\/strong><\/p>\t\t\t\t\t\t\t\t<\/div>\n\t\t\t\t<\/div>\n\t\t\t\t<section class=\"elementor-section elementor-inner-section elementor-element elementor-element-333a8ac elementor-section-boxed elementor-section-height-default elementor-section-height-default\" data-id=\"333a8ac\" data-element_type=\"section\">\n\t\t\t\t\t\t<div class=\"elementor-container elementor-column-gap-default\">\n\t\t\t\t\t<div class=\"elementor-column elementor-col-50 elementor-inner-column elementor-element elementor-element-fe42d0e\" data-id=\"fe42d0e\" data-element_type=\"column\">\n\t\t\t<div class=\"elementor-widget-wrap elementor-element-populated\">\n\t\t\t\t\t\t<div class=\"elementor-element elementor-element-e4ef499 elementor-arrows-position-inside elementor-pagination-position-outside elementor-widget elementor-widget-image-carousel\" data-id=\"e4ef499\" data-element_type=\"widget\" data-settings=\"{&quot;slides_to_show&quot;:&quot;1&quot;,&quot;navigation&quot;:&quot;both&quot;,&quot;autoplay&quot;:&quot;yes&quot;,&quot;pause_on_hover&quot;:&quot;yes&quot;,&quot;pause_on_interaction&quot;:&quot;yes&quot;,&quot;autoplay_speed&quot;:5000,&quot;infinite&quot;:&quot;yes&quot;,&quot;effect&quot;:&quot;slide&quot;,&quot;speed&quot;:500}\" data-widget_type=\"image-carousel.default\">\n\t\t\t\t<div class=\"elementor-widget-container\">\n\t\t\t\t\t\t\t<div class=\"elementor-image-carousel-wrapper swiper\" role=\"region\" aria-roledescription=\"carousel\" aria-label=\"Carrusel de im\u00e1genes\" dir=\"ltr\">\n\t\t\t<div class=\"elementor-image-carousel swiper-wrapper\" aria-live=\"off\">\n\t\t\t\t\t\t\t\t<div class=\"swiper-slide\" role=\"group\" aria-roledescription=\"slide\" aria-label=\"1 of 3\"><figure class=\"swiper-slide-inner\"><img decoding=\"async\" class=\"swiper-slide-image\" src=\"https:\/\/crabhouse.com.mx\/wp-content\/uploads\/2024\/03\/Foto-Salon-principal-Web.png\" alt=\"Foto-Salon principal-Web\" \/><\/figure><\/div><div class=\"swiper-slide\" role=\"group\" aria-roledescription=\"slide\" aria-label=\"2 of 3\"><figure class=\"swiper-slide-inner\"><img decoding=\"async\" class=\"swiper-slide-image\" src=\"https:\/\/crabhouse.com.mx\/wp-content\/uploads\/2024\/03\/Foto-Terraza-principal-Web.png\" alt=\"Foto-Terraza principal-Web\" \/><\/figure><\/div><div class=\"swiper-slide\" role=\"group\" aria-roledescription=\"slide\" aria-label=\"3 of 3\"><figure class=\"swiper-slide-inner\"><img decoding=\"async\" class=\"swiper-slide-image\" src=\"https:\/\/crabhouse.com.mx\/wp-content\/uploads\/2024\/03\/Foto-Terraza-pestige-Web.png\" alt=\"Foto-Terraza pestige-Web\" \/><\/figure><\/div>\t\t\t<\/div>\n\t\t\t\t\t\t\t\t\t\t\t\t<div class=\"elementor-swiper-button elementor-swiper-button-prev\" role=\"button\" tabindex=\"0\">\n\t\t\t\t\t\t<svg aria-hidden=\"true\" class=\"e-font-icon-svg e-eicon-chevron-left\" viewbox=\"0 0 1000 1000\" xmlns=\"http:\/\/www.w3.org\/2000\/svg\"><path d=\"M646 125C629 125 613 133 604 142L308 442C296 454 292 471 292 487 292 504 296 521 308 533L604 854C617 867 629 875 646 875 663 875 679 871 692 858 704 846 713 829 713 812 713 796 708 779 692 767L438 487 692 225C700 217 708 204 708 187 708 171 704 154 692 142 675 129 663 125 646 125Z\"><\/path><\/svg>\t\t\t\t\t<\/div>\n\t\t\t\t\t<div class=\"elementor-swiper-button elementor-swiper-button-next\" role=\"button\" tabindex=\"0\">\n\t\t\t\t\t\t<svg aria-hidden=\"true\" class=\"e-font-icon-svg e-eicon-chevron-right\" viewbox=\"0 0 1000 1000\" xmlns=\"http:\/\/www.w3.org\/2000\/svg\"><path d=\"M696 533C708 521 713 504 713 487 713 471 708 454 696 446L400 146C388 133 375 125 354 125 338 125 325 129 313 142 300 154 292 171 292 187 292 204 296 221 308 233L563 492 304 771C292 783 288 800 288 817 288 833 296 850 308 863 321 871 338 875 354 875 371 875 388 867 400 854L696 533Z\"><\/path><\/svg>\t\t\t\t\t<\/div>\n\t\t\t\t\n\t\t\t\t\t\t\t\t\t<div class=\"swiper-pagination\"><\/div>\n\t\t\t\t\t\t\t\t\t<\/div>\n\t\t\t\t\t\t<\/div>\n\t\t\t\t<\/div>\n\t\t\t\t\t<\/div>\n\t\t<\/div>\n\t\t\t\t<div class=\"elementor-column elementor-col-50 elementor-inner-column elementor-element elementor-element-21e6c36\" data-id=\"21e6c36\" data-element_type=\"column\">\n\t\t\t<div class=\"elementor-widget-wrap\">\n\t\t\t\t\t\t\t<\/div>\n\t\t<\/div>\n\t\t\t\t\t<\/div>\n\t\t<\/section>\n\t\t\t\t\t<\/div>\n\t\t<\/div>\n\t\t\t\t\t<\/div>\n\t\t<\/section>\n\t\t\t\t<section class=\"elementor-section elementor-top-section elementor-element elementor-element-48e17b5c elementor-section-full_width elementor-section-height-default elementor-section-height-default\" data-id=\"48e17b5c\" data-element_type=\"section\">\n\t\t\t\t\t\t<div class=\"elementor-container elementor-column-gap-default\">\n\t\t\t\t\t<div class=\"elementor-column elementor-col-100 elementor-top-column elementor-element elementor-element-57a132f0\" data-id=\"57a132f0\" data-element_type=\"column\">\n\t\t\t<div class=\"elementor-widget-wrap elementor-element-populated\">\n\t\t\t\t\t\t<div class=\"elementor-element elementor-element-2243c64f elementor-widget elementor-widget-image\" data-id=\"2243c64f\" data-element_type=\"widget\" data-widget_type=\"image.default\">\n\t\t\t\t<div class=\"elementor-widget-container\">\n\t\t\t\t\t\t\t\t\t\t\t\t\t\t\t<img decoding=\"async\" width=\"1512\" height=\"1006\" src=\"https:\/\/crabhouse.com.mx\/wp-content\/uploads\/2024\/03\/splitCrab-1.webp\" class=\"attachment-full size-full wp-image-268\" alt=\"\" srcset=\"https:\/\/crabhouse.com.mx\/wp-content\/uploads\/2024\/03\/splitCrab-1.webp 1512w, https:\/\/crabhouse.com.mx\/wp-content\/uploads\/2024\/03\/splitCrab-1-300x200.webp 300w, https:\/\/crabhouse.com.mx\/wp-content\/uploads\/2024\/03\/splitCrab-1-1024x681.webp 1024w, https:\/\/crabhouse.com.mx\/wp-content\/uploads\/2024\/03\/splitCrab-1-768x511.webp 768w\" sizes=\"(max-width: 1512px) 100vw, 1512px\" \/>\t\t\t\t\t\t\t\t\t\t\t\t\t\t\t<\/div>\n\t\t\t\t<\/div>\n\t\t\t\t\t<\/div>\n\t\t<\/div>\n\t\t\t\t\t<\/div>\n\t\t<\/section>\n\t\t\t\t<section class=\"elementor-section elementor-top-section elementor-element elementor-element-0adf97f elementor-section-boxed elementor-section-height-default elementor-section-height-default\" data-id=\"0adf97f\" data-element_type=\"section\">\n\t\t\t\t\t\t<div class=\"elementor-container elementor-column-gap-default\">\n\t\t\t\t\t<div class=\"elementor-column elementor-col-50 elementor-top-column elementor-element elementor-element-05c6474\" data-id=\"05c6474\" data-element_type=\"column\">\n\t\t\t<div class=\"elementor-widget-wrap elementor-element-populated\">\n\t\t\t\t\t\t<div class=\"elementor-element elementor-element-63129ed v-pos elementor-widget elementor-widget-text-editor\" data-id=\"63129ed\" data-element_type=\"widget\" data-widget_type=\"text-editor.default\">\n\t\t\t\t<div class=\"elementor-widget-container\">\n\t\t\t\t\t\t\t\t\t<p>THE BEST OF THE REGION<\/p>\t\t\t\t\t\t\t\t<\/div>\n\t\t\t\t<\/div>\n\t\t\t\t<div class=\"elementor-element elementor-element-52e8d06 elementor-widget elementor-widget-heading\" data-id=\"52e8d06\" data-element_type=\"widget\" data-widget_type=\"heading.default\">\n\t\t\t\t<div class=\"elementor-widget-container\">\n\t\t\t\t\t<h2 class=\"elementor-heading-title elementor-size-default\">Reserve your table!<\/h2>\t\t\t\t<\/div>\n\t\t\t\t<\/div>\n\t\t\t\t<div class=\"elementor-element elementor-element-95dce94 elementor-widget elementor-widget-text-editor\" data-id=\"95dce94\" data-element_type=\"widget\" data-widget_type=\"text-editor.default\">\n\t\t\t\t<div class=\"elementor-widget-container\">\n\t\t\t\t\t\t\t\t\t<p>We are located on Blvd. Kukulcan Km 14.7, Zona Hotelera, 77500 Canc\u00fan, Q. R. Open from Monday to Sunday.<br \/><strong>Hours: 9:00 AM to 12:00 AM\u00a0<\/strong><\/p>\t\t\t\t\t\t\t\t<\/div>\n\t\t\t\t<\/div>\n\t\t\t\t\t<\/div>\n\t\t<\/div>\n\t\t\t\t<div class=\"elementor-column elementor-col-50 elementor-top-column elementor-element elementor-element-3e3d25f\" data-id=\"3e3d25f\" data-element_type=\"column\">\n\t\t\t<div class=\"elementor-widget-wrap elementor-element-populated\">\n\t\t\t\t\t\t<div class=\"elementor-element elementor-element-cba46cc elementor-widget elementor-widget-html\" data-id=\"cba46cc\" data-element_type=\"widget\" data-widget_type=\"html.default\">\n\t\t\t\t<div class=\"elementor-widget-container\">\n\t\t\t\t\t<script type='text\/javascript' src='\/\/www.opentable.com.mx\/widget\/reservation\/loader?rid=157432&type=standard&theme=standard&color=1&dark=false&iframe=false&domain=commx&lang=es-MX&newtab=false&ot_source=Restaurant%20website&cfe=true'><\/script>\n\n<style>\n    .ot-dtp-picker{\n        width: 100%!important;\n    }\n<\/style>\t\t\t\t<\/div>\n\t\t\t\t<\/div>\n\t\t\t\t\t<\/div>\n\t\t<\/div>\n\t\t\t\t\t<\/div>\n\t\t<\/section>\n\t\t\t\t<section class=\"elementor-section elementor-top-section elementor-element elementor-element-79434f0 elementor-section-full_width elementor-section-height-default elementor-section-height-default\" data-id=\"79434f0\" data-element_type=\"section\">\n\t\t\t\t\t\t<div class=\"elementor-container elementor-column-gap-default\">\n\t\t\t\t\t<div class=\"elementor-column elementor-col-100 elementor-top-column elementor-element elementor-element-bd36f1e\" data-id=\"bd36f1e\" data-element_type=\"column\">\n\t\t\t<div class=\"elementor-widget-wrap elementor-element-populated\">\n\t\t\t\t\t\t<div class=\"elementor-element elementor-element-941ab8a elementor-widget elementor-widget-html\" data-id=\"941ab8a\" data-element_type=\"widget\" data-widget_type=\"html.default\">\n\t\t\t\t<div class=\"elementor-widget-container\">\n\t\t\t\t\t<iframe src=\"https:\/\/www.google.com\/maps\/embed?pb=!1m14!1m8!1m3!1d32363.463710948592!2d-86.76628257063588!3d21.090318627148267!3m2!1i1024!2i768!4f13.1!3m3!1m2!1s0x8f4c2848265d5e83%3A0x66c05d2326f2df85!2sCrab%20House%20%7C%20The%20best%20seafood%20in%20Cancun!5e0!3m2!1ses-419!2smx!4v1710816553428!5m2!1ses-419!2smx\" width=\"100%\" height=\"450\" style=\"border:0;\" allowfullscreen=\"\" loading=\"lazy\" referrerpolicy=\"no-referrer-when-downgrade\"><\/iframe>\t\t\t\t<\/div>\n\t\t\t\t<\/div>\n\t\t\t\t\t<\/div>\n\t\t<\/div>\n\t\t\t\t\t<\/div>\n\t\t<\/section>\n\t\t\t\t<\/div>","protected":false},"excerpt":{"rendered":"<p>Grupos y Eventos en Cancun CELEBRA CON NOSOTROS \u00bfQue ofrecemos como establecimiento? Disfruta de nuestras 3 impresionantes terrazas que brindan una vista incomparable de la Laguna Nichupt\u00e9. Con acceso directo para yates y salas de reuniones privadas, satisfacemos todas tus necesidades. Adem\u00e1s, nos enorgullece ser la segunda marina m\u00e1s grande de Canc\u00fan. Pero eso no [&hellip;]<\/p>\n","protected":false},"author":1,"featured_media":0,"parent":0,"menu_order":0,"comment_status":"closed","ping_status":"closed","template":"","meta":{"footnotes":""},"class_list":["post-385","page","type-page","status-publish","hentry"],"yoast_head":"<!-- This site is optimized with the Yoast SEO plugin v25.6 - https:\/\/yoast.com\/wordpress\/plugins\/seo\/ -->\n<title>Grupos - Crabhouse Canc\u00fan<\/title>\n<meta name=\"robots\" content=\"index, follow, max-snippet:-1, max-image-preview:large, max-video-preview:-1\" \/>\n<link rel=\"canonical\" href=\"https:\/\/crabhouse.com.mx\/en\/grupos\/\" \/>\n<meta property=\"og:locale\" content=\"en_US\" \/>\n<meta property=\"og:type\" content=\"article\" \/>\n<meta property=\"og:title\" content=\"Grupos - Crabhouse Canc\u00fan\" \/>\n<meta property=\"og:description\" content=\"Grupos y Eventos en Cancun CELEBRA CON NOSOTROS \u00bfQue ofrecemos como establecimiento? Disfruta de nuestras 3 impresionantes terrazas que brindan una vista incomparable de la Laguna Nichupt\u00e9. Con acceso directo para yates y salas de reuniones privadas, satisfacemos todas tus necesidades. Adem\u00e1s, nos enorgullece ser la segunda marina m\u00e1s grande de Canc\u00fan. Pero eso no [&hellip;]\" \/>\n<meta property=\"og:url\" content=\"https:\/\/crabhouse.com.mx\/en\/grupos\/\" \/>\n<meta property=\"og:site_name\" content=\"Crabhouse Canc\u00fan\" \/>\n<meta property=\"article:publisher\" content=\"https:\/\/www.facebook.com\/crabhouse.cun\/\" \/>\n<meta property=\"article:modified_time\" content=\"2025-12-15T18:22:06+00:00\" \/>\n<meta property=\"og:image\" content=\"https:\/\/crabhouse.com.mx\/wp-content\/uploads\/2024\/03\/boda.webp\" \/>\n\t<meta property=\"og:image:width\" content=\"520\" \/>\n\t<meta property=\"og:image:height\" content=\"588\" \/>\n\t<meta property=\"og:image:type\" content=\"image\/webp\" \/>\n<meta name=\"twitter:card\" content=\"summary_large_image\" \/>\n<meta name=\"twitter:label1\" content=\"Est. reading time\" \/>\n\t<meta name=\"twitter:data1\" content=\"3 minutes\" \/>\n<script type=\"application\/ld+json\" class=\"yoast-schema-graph\">{\"@context\":\"https:\/\/schema.org\",\"@graph\":[{\"@type\":\"WebPage\",\"@id\":\"https:\/\/crabhouse.com.mx\/grupos\/\",\"url\":\"https:\/\/crabhouse.com.mx\/grupos\/\",\"name\":\"Grupos - Crabhouse Canc\u00fan\",\"isPartOf\":{\"@id\":\"https:\/\/crabhouse.com.mx\/#website\"},\"primaryImageOfPage\":{\"@id\":\"https:\/\/crabhouse.com.mx\/grupos\/#primaryimage\"},\"image\":{\"@id\":\"https:\/\/crabhouse.com.mx\/grupos\/#primaryimage\"},\"thumbnailUrl\":\"https:\/\/crabhouse.com.mx\/wp-content\/uploads\/2024\/03\/boda.webp\",\"datePublished\":\"2024-03-17T08:08:11+00:00\",\"dateModified\":\"2025-12-15T18:22:06+00:00\",\"breadcrumb\":{\"@id\":\"https:\/\/crabhouse.com.mx\/grupos\/#breadcrumb\"},\"inLanguage\":\"en-US\",\"potentialAction\":[{\"@type\":\"ReadAction\",\"target\":[\"https:\/\/crabhouse.com.mx\/grupos\/\"]}]},{\"@type\":\"ImageObject\",\"inLanguage\":\"en-US\",\"@id\":\"https:\/\/crabhouse.com.mx\/grupos\/#primaryimage\",\"url\":\"https:\/\/crabhouse.com.mx\/wp-content\/uploads\/2024\/03\/boda.webp\",\"contentUrl\":\"https:\/\/crabhouse.com.mx\/wp-content\/uploads\/2024\/03\/boda.webp\"},{\"@type\":\"BreadcrumbList\",\"@id\":\"https:\/\/crabhouse.com.mx\/grupos\/#breadcrumb\",\"itemListElement\":[{\"@type\":\"ListItem\",\"position\":1,\"name\":\"Portada\",\"item\":\"https:\/\/crabhouse.com.mx\/\"},{\"@type\":\"ListItem\",\"position\":2,\"name\":\"Grupos\"}]},{\"@type\":\"WebSite\",\"@id\":\"https:\/\/crabhouse.com.mx\/#website\",\"url\":\"https:\/\/crabhouse.com.mx\/\",\"name\":\"Crabhouse Canc\u00fan\",\"description\":\"\",\"publisher\":{\"@id\":\"https:\/\/crabhouse.com.mx\/#organization\"},\"potentialAction\":[{\"@type\":\"SearchAction\",\"target\":{\"@type\":\"EntryPoint\",\"urlTemplate\":\"https:\/\/crabhouse.com.mx\/?s={search_term_string}\"},\"query-input\":{\"@type\":\"PropertyValueSpecification\",\"valueRequired\":true,\"valueName\":\"search_term_string\"}}],\"inLanguage\":\"en-US\"},{\"@type\":\"Organization\",\"@id\":\"https:\/\/crabhouse.com.mx\/#organization\",\"name\":\"Crabhouse Canc\u00fan\",\"url\":\"https:\/\/crabhouse.com.mx\/\",\"logo\":{\"@type\":\"ImageObject\",\"inLanguage\":\"en-US\",\"@id\":\"https:\/\/crabhouse.com.mx\/#\/schema\/logo\/image\/\",\"url\":\"https:\/\/crabhouse.com.mx\/wp-content\/uploads\/2024\/04\/Logo-Crab-House-1.png\",\"contentUrl\":\"https:\/\/crabhouse.com.mx\/wp-content\/uploads\/2024\/04\/Logo-Crab-House-1.png\",\"width\":2750,\"height\":2125,\"caption\":\"Crabhouse Canc\u00fan\"},\"image\":{\"@id\":\"https:\/\/crabhouse.com.mx\/#\/schema\/logo\/image\/\"},\"sameAs\":[\"https:\/\/www.facebook.com\/crabhouse.cun\/\",\"https:\/\/www.instagram.com\/crabhouse.cun\/\"]}]}<\/script>\n<!-- \/ Yoast SEO plugin. -->","yoast_head_json":{"title":"Grupos - Crabhouse Canc\u00fan","robots":{"index":"index","follow":"follow","max-snippet":"max-snippet:-1","max-image-preview":"max-image-preview:large","max-video-preview":"max-video-preview:-1"},"canonical":"https:\/\/crabhouse.com.mx\/en\/grupos\/","og_locale":"en_US","og_type":"article","og_title":"Grupos - Crabhouse Canc\u00fan","og_description":"Grupos y Eventos en Cancun CELEBRA CON NOSOTROS \u00bfQue ofrecemos como establecimiento? Disfruta de nuestras 3 impresionantes terrazas que brindan una vista incomparable de la Laguna Nichupt\u00e9. Con acceso directo para yates y salas de reuniones privadas, satisfacemos todas tus necesidades. Adem\u00e1s, nos enorgullece ser la segunda marina m\u00e1s grande de Canc\u00fan. Pero eso no [&hellip;]","og_url":"https:\/\/crabhouse.com.mx\/en\/grupos\/","og_site_name":"Crabhouse Canc\u00fan","article_publisher":"https:\/\/www.facebook.com\/crabhouse.cun\/","article_modified_time":"2025-12-15T18:22:06+00:00","og_image":[{"width":520,"height":588,"url":"https:\/\/crabhouse.com.mx\/wp-content\/uploads\/2024\/03\/boda.webp","type":"image\/webp"}],"twitter_card":"summary_large_image","twitter_misc":{"Est. reading time":"3 minutes"},"schema":{"@context":"https:\/\/schema.org","@graph":[{"@type":"WebPage","@id":"https:\/\/crabhouse.com.mx\/grupos\/","url":"https:\/\/crabhouse.com.mx\/grupos\/","name":"Grupos - Crabhouse Canc\u00fan","isPartOf":{"@id":"https:\/\/crabhouse.com.mx\/#website"},"primaryImageOfPage":{"@id":"https:\/\/crabhouse.com.mx\/grupos\/#primaryimage"},"image":{"@id":"https:\/\/crabhouse.com.mx\/grupos\/#primaryimage"},"thumbnailUrl":"https:\/\/crabhouse.com.mx\/wp-content\/uploads\/2024\/03\/boda.webp","datePublished":"2024-03-17T08:08:11+00:00","dateModified":"2025-12-15T18:22:06+00:00","breadcrumb":{"@id":"https:\/\/crabhouse.com.mx\/grupos\/#breadcrumb"},"inLanguage":"en-US","potentialAction":[{"@type":"ReadAction","target":["https:\/\/crabhouse.com.mx\/grupos\/"]}]},{"@type":"ImageObject","inLanguage":"en-US","@id":"https:\/\/crabhouse.com.mx\/grupos\/#primaryimage","url":"https:\/\/crabhouse.com.mx\/wp-content\/uploads\/2024\/03\/boda.webp","contentUrl":"https:\/\/crabhouse.com.mx\/wp-content\/uploads\/2024\/03\/boda.webp"},{"@type":"BreadcrumbList","@id":"https:\/\/crabhouse.com.mx\/grupos\/#breadcrumb","itemListElement":[{"@type":"ListItem","position":1,"name":"Portada","item":"https:\/\/crabhouse.com.mx\/"},{"@type":"ListItem","position":2,"name":"Grupos"}]},{"@type":"WebSite","@id":"https:\/\/crabhouse.com.mx\/#website","url":"https:\/\/crabhouse.com.mx\/","name":"Crabhouse Canc\u00fan","description":"","publisher":{"@id":"https:\/\/crabhouse.com.mx\/#organization"},"potentialAction":[{"@type":"SearchAction","target":{"@type":"EntryPoint","urlTemplate":"https:\/\/crabhouse.com.mx\/?s={search_term_string}"},"query-input":{"@type":"PropertyValueSpecification","valueRequired":true,"valueName":"search_term_string"}}],"inLanguage":"en-US"},{"@type":"Organization","@id":"https:\/\/crabhouse.com.mx\/#organization","name":"Crabhouse Canc\u00fan","url":"https:\/\/crabhouse.com.mx\/","logo":{"@type":"ImageObject","inLanguage":"en-US","@id":"https:\/\/crabhouse.com.mx\/#\/schema\/logo\/image\/","url":"https:\/\/crabhouse.com.mx\/wp-content\/uploads\/2024\/04\/Logo-Crab-House-1.png","contentUrl":"https:\/\/crabhouse.com.mx\/wp-content\/uploads\/2024\/04\/Logo-Crab-House-1.png","width":2750,"height":2125,"caption":"Crabhouse Canc\u00fan"},"image":{"@id":"https:\/\/crabhouse.com.mx\/#\/schema\/logo\/image\/"},"sameAs":["https:\/\/www.facebook.com\/crabhouse.cun\/","https:\/\/www.instagram.com\/crabhouse.cun\/"]}]}},"_links":{"self":[{"href":"https:\/\/crabhouse.com.mx\/en\/wp-json\/wp\/v2\/pages\/385"}],"collection":[{"href":"https:\/\/crabhouse.com.mx\/en\/wp-json\/wp\/v2\/pages"}],"about":[{"href":"https:\/\/crabhouse.com.mx\/en\/wp-json\/wp\/v2\/types\/page"}],"author":[{"embeddable":true,"href":"https:\/\/crabhouse.com.mx\/en\/wp-json\/wp\/v2\/users\/1"}],"replies":[{"embeddable":true,"href":"https:\/\/crabhouse.com.mx\/en\/wp-json\/wp\/v2\/comments?post=385"}],"version-history":[{"count":82,"href":"https:\/\/crabhouse.com.mx\/en\/wp-json\/wp\/v2\/pages\/385\/revisions"}],"predecessor-version":[{"id":1043,"href":"https:\/\/crabhouse.com.mx\/en\/wp-json\/wp\/v2\/pages\/385\/revisions\/1043"}],"wp:attachment":[{"href":"https:\/\/crabhouse.com.mx\/en\/wp-json\/wp\/v2\/media?parent=385"}],"curies":[{"name":"wp","href":"https:\/\/api.w.org\/{rel}","templated":true}]}}