{"id":843,"date":"2024-03-25T23:17:23","date_gmt":"2024-03-25T22:17:23","guid":{"rendered":"https:\/\/crabhouse.com.mx\/?page_id=843"},"modified":"2024-03-25T23:23:40","modified_gmt":"2024-03-25T22:23:40","slug":"politicas-de-privacidad","status":"publish","type":"page","link":"https:\/\/crabhouse.com.mx\/en\/politicas-de-privacidad\/","title":{"rendered":"Politicas de privacidad"},"content":{"rendered":"<div data-elementor-type=\"wp-page\" data-elementor-id=\"843\" class=\"elementor elementor-843\">\n\t\t\t\t\t\t<section class=\"elementor-section elementor-top-section elementor-element elementor-element-41089e8 elementor-section-boxed elementor-section-height-default elementor-section-height-default\" data-id=\"41089e8\" data-element_type=\"section\" data-settings=\"{&quot;background_background&quot;:&quot;classic&quot;}\">\n\t\t\t\t\t\t<div class=\"elementor-container elementor-column-gap-default\">\n\t\t\t\t\t<div class=\"elementor-column elementor-col-100 elementor-top-column elementor-element elementor-element-476c2ee\" data-id=\"476c2ee\" data-element_type=\"column\">\n\t\t\t<div class=\"elementor-widget-wrap elementor-element-populated\">\n\t\t\t\t\t\t<div class=\"elementor-element elementor-element-6c9db75 elementor-widget elementor-widget-spacer\" data-id=\"6c9db75\" data-element_type=\"widget\" data-widget_type=\"spacer.default\">\n\t\t\t\t<div class=\"elementor-widget-container\">\n\t\t\t\t\t\t\t<div class=\"elementor-spacer\">\n\t\t\t<div class=\"elementor-spacer-inner\"><\/div>\n\t\t<\/div>\n\t\t\t\t\t\t<\/div>\n\t\t\t\t<\/div>\n\t\t\t\t\t<\/div>\n\t\t<\/div>\n\t\t\t\t\t<\/div>\n\t\t<\/section>\n\t\t\t\t<section class=\"elementor-section elementor-top-section elementor-element elementor-element-d534092 elementor-section-boxed elementor-section-height-default elementor-section-height-default\" data-id=\"d534092\" data-element_type=\"section\" data-settings=\"{&quot;background_background&quot;:&quot;classic&quot;}\">\n\t\t\t\t\t\t<div class=\"elementor-container elementor-column-gap-default\">\n\t\t\t\t\t<div class=\"elementor-column elementor-col-100 elementor-top-column elementor-element elementor-element-0b29147\" data-id=\"0b29147\" data-element_type=\"column\">\n\t\t\t<div class=\"elementor-widget-wrap elementor-element-populated\">\n\t\t\t\t\t\t<div class=\"elementor-element elementor-element-135657b elementor-widget elementor-widget-text-editor\" data-id=\"135657b\" data-element_type=\"widget\" data-widget_type=\"text-editor.default\">\n\t\t\t\t<div class=\"elementor-widget-container\">\n\t\t\t\t\t\t\t\t\t<h1>Pol\u00edtica de Privacidad \u2013 Crab House Canc\u00fan<\/h1><p>Esta Pol\u00edtica de Privacidad describe c\u00f3mo Crab House Canc\u00fan recopila, utiliza y protege la informaci\u00f3n personal que usted proporciona a trav\u00e9s de nuestro sitio web <a href=\"https:\/\/crabhouse.com.mx\/en\/\" target=\"_new\">https:\/\/crabhouse.com.mx<\/a>. Nos comprometemos a respetar su privacidad y proteger la informaci\u00f3n que nos proporciona.<\/p><p>Informaci\u00f3n que Recopilamos<\/p><p>Podemos recopilar informaci\u00f3n personal que usted nos brinda directamente al realizar una reserva, completar formularios en l\u00ednea, suscribirse a nuestro bolet\u00edn informativo o al comunicarse con nosotros a trav\u00e9s de nuestro sitio web. Esta informaci\u00f3n puede incluir, entre otros datos:<\/p><ul><li>Nombre y apellidos<\/li><li>Direcci\u00f3n de correo electr\u00f3nico<\/li><li>N\u00famero de tel\u00e9fono<\/li><li>Informaci\u00f3n de pago (cuando sea aplicable)<\/li><li>Preferencias de comida y bebida, entre otros<\/li><\/ul><p>Uso de la Informaci\u00f3n<\/p><p>Utilizamos la informaci\u00f3n recopilada para:<\/p><ul><li>Gestionar reservas y solicitudes de informaci\u00f3n.<\/li><li>Enviar actualizaciones, promociones o informaci\u00f3n relevante sobre nuestros servicios.<\/li><li>Personalizar su experiencia en nuestro sitio web y en nuestro restaurante.<\/li><li>Mejorar nuestros servicios y realizar an\u00e1lisis internos.<\/li><li>Cumplir con requisitos legales o reglamentarios.<\/li><\/ul><p>Protecci\u00f3n de la Informaci\u00f3n<\/p><p>Nos comprometemos a proteger su informaci\u00f3n personal y utilizamos medidas de seguridad adecuadas para salvaguardarla contra el acceso no autorizado, la divulgaci\u00f3n, la alteraci\u00f3n o destrucci\u00f3n no autorizada.<\/p><p>Divulgaci\u00f3n de Informaci\u00f3n a Terceros<\/p><p>No compartimos su informaci\u00f3n personal con terceros, salvo cuando sea necesario para proporcionarle los servicios solicitados o cuando la ley lo requiera.<\/p><p>Cookies y Tecnolog\u00edas de Seguimiento<\/p><p>Nuestro sitio web puede utilizar cookies u otras tecnolog\u00edas de seguimiento para mejorar su experiencia en l\u00ednea. Puede optar por no aceptar cookies modificando la configuraci\u00f3n de su navegador, aunque esto puede afectar la funcionalidad del sitio web.<\/p><p>Enlaces a Sitios de Terceros<\/p><p>Nuestro sitio web puede contener enlaces a sitios web de terceros. No nos hacemos responsables de las pr\u00e1cticas de privacidad de estos sitios y le recomendamos revisar sus pol\u00edticas de privacidad antes de proporcionarles informaci\u00f3n personal.<\/p><p>Cambios en esta Pol\u00edtica<\/p><p>Nos reservamos el derecho de actualizar esta Pol\u00edtica de Privacidad en cualquier momento. Las modificaciones se publicar\u00e1n en nuestro sitio web con la fecha de la revisi\u00f3n m\u00e1s reciente. Se alienta a los usuarios a revisar esta p\u00e1gina peri\u00f3dicamente para estar informados sobre c\u00f3mo protegemos la informaci\u00f3n que recopilamos.<\/p><p>Contacto<\/p><p>Si tiene alguna pregunta sobre esta Pol\u00edtica de Privacidad o sobre c\u00f3mo manejamos su informaci\u00f3n, cont\u00e1ctenos a trav\u00e9s de <a target=\"_new\">direccion@crabhousecancun.com<\/a><\/p>\t\t\t\t\t\t\t\t<\/div>\n\t\t\t\t<\/div>\n\t\t\t\t\t<\/div>\n\t\t<\/div>\n\t\t\t\t\t<\/div>\n\t\t<\/section>\n\t\t\t\t<\/div>","protected":false},"excerpt":{"rendered":"<p>Pol\u00edtica de Privacidad \u2013 Crab House Canc\u00fan Esta Pol\u00edtica de Privacidad describe c\u00f3mo Crab House Canc\u00fan recopila, utiliza y protege la informaci\u00f3n personal que usted proporciona a trav\u00e9s de nuestro sitio web https:\/\/crabhouse.com.mx. Nos comprometemos a respetar su privacidad y proteger la informaci\u00f3n que nos proporciona. Informaci\u00f3n que Recopilamos Podemos recopilar informaci\u00f3n personal que usted [&hellip;]<\/p>\n","protected":false},"author":1,"featured_media":0,"parent":0,"menu_order":0,"comment_status":"closed","ping_status":"closed","template":"elementor_header_footer","meta":{"footnotes":""},"class_list":["post-843","page","type-page","status-publish","hentry"],"yoast_head":"<!-- This site is optimized with the Yoast SEO plugin v25.6 - https:\/\/yoast.com\/wordpress\/plugins\/seo\/ -->\n<title>Politicas de privacidad - Crabhouse Canc\u00fan<\/title>\n<meta name=\"robots\" content=\"index, follow, max-snippet:-1, max-image-preview:large, max-video-preview:-1\" \/>\n<link rel=\"canonical\" href=\"https:\/\/crabhouse.com.mx\/en\/politicas-de-privacidad\/\" \/>\n<meta property=\"og:locale\" content=\"en_US\" \/>\n<meta property=\"og:type\" content=\"article\" \/>\n<meta property=\"og:title\" content=\"Politicas de privacidad - Crabhouse Canc\u00fan\" \/>\n<meta property=\"og:description\" content=\"Pol\u00edtica de Privacidad \u2013 Crab House Canc\u00fan Esta Pol\u00edtica de Privacidad describe c\u00f3mo Crab House Canc\u00fan recopila, utiliza y protege la informaci\u00f3n personal que usted proporciona a trav\u00e9s de nuestro sitio web https:\/\/crabhouse.com.mx. Nos comprometemos a respetar su privacidad y proteger la informaci\u00f3n que nos proporciona. Informaci\u00f3n que Recopilamos Podemos recopilar informaci\u00f3n personal que usted [&hellip;]\" \/>\n<meta property=\"og:url\" content=\"https:\/\/crabhouse.com.mx\/en\/politicas-de-privacidad\/\" \/>\n<meta property=\"og:site_name\" content=\"Crabhouse Canc\u00fan\" \/>\n<meta property=\"article:publisher\" content=\"https:\/\/www.facebook.com\/crabhouse.cun\/\" \/>\n<meta property=\"article:modified_time\" content=\"2024-03-25T22:23:40+00:00\" \/>\n<meta name=\"twitter:card\" content=\"summary_large_image\" \/>\n<meta name=\"twitter:label1\" content=\"Est. reading time\" \/>\n\t<meta name=\"twitter:data1\" content=\"2 minutes\" \/>\n<script type=\"application\/ld+json\" class=\"yoast-schema-graph\">{\"@context\":\"https:\/\/schema.org\",\"@graph\":[{\"@type\":\"WebPage\",\"@id\":\"https:\/\/crabhouse.com.mx\/politicas-de-privacidad\/\",\"url\":\"https:\/\/crabhouse.com.mx\/politicas-de-privacidad\/\",\"name\":\"Politicas de privacidad - Crabhouse Canc\u00fan\",\"isPartOf\":{\"@id\":\"https:\/\/crabhouse.com.mx\/#website\"},\"datePublished\":\"2024-03-25T22:17:23+00:00\",\"dateModified\":\"2024-03-25T22:23:40+00:00\",\"breadcrumb\":{\"@id\":\"https:\/\/crabhouse.com.mx\/politicas-de-privacidad\/#breadcrumb\"},\"inLanguage\":\"en-US\",\"potentialAction\":[{\"@type\":\"ReadAction\",\"target\":[\"https:\/\/crabhouse.com.mx\/politicas-de-privacidad\/\"]}]},{\"@type\":\"BreadcrumbList\",\"@id\":\"https:\/\/crabhouse.com.mx\/politicas-de-privacidad\/#breadcrumb\",\"itemListElement\":[{\"@type\":\"ListItem\",\"position\":1,\"name\":\"Portada\",\"item\":\"https:\/\/crabhouse.com.mx\/\"},{\"@type\":\"ListItem\",\"position\":2,\"name\":\"Politicas de privacidad\"}]},{\"@type\":\"WebSite\",\"@id\":\"https:\/\/crabhouse.com.mx\/#website\",\"url\":\"https:\/\/crabhouse.com.mx\/\",\"name\":\"Crabhouse Canc\u00fan\",\"description\":\"\",\"publisher\":{\"@id\":\"https:\/\/crabhouse.com.mx\/#organization\"},\"potentialAction\":[{\"@type\":\"SearchAction\",\"target\":{\"@type\":\"EntryPoint\",\"urlTemplate\":\"https:\/\/crabhouse.com.mx\/?s={search_term_string}\"},\"query-input\":{\"@type\":\"PropertyValueSpecification\",\"valueRequired\":true,\"valueName\":\"search_term_string\"}}],\"inLanguage\":\"en-US\"},{\"@type\":\"Organization\",\"@id\":\"https:\/\/crabhouse.com.mx\/#organization\",\"name\":\"Crabhouse Canc\u00fan\",\"url\":\"https:\/\/crabhouse.com.mx\/\",\"logo\":{\"@type\":\"ImageObject\",\"inLanguage\":\"en-US\",\"@id\":\"https:\/\/crabhouse.com.mx\/#\/schema\/logo\/image\/\",\"url\":\"https:\/\/crabhouse.com.mx\/wp-content\/uploads\/2024\/04\/Logo-Crab-House-1.png\",\"contentUrl\":\"https:\/\/crabhouse.com.mx\/wp-content\/uploads\/2024\/04\/Logo-Crab-House-1.png\",\"width\":2750,\"height\":2125,\"caption\":\"Crabhouse Canc\u00fan\"},\"image\":{\"@id\":\"https:\/\/crabhouse.com.mx\/#\/schema\/logo\/image\/\"},\"sameAs\":[\"https:\/\/www.facebook.com\/crabhouse.cun\/\",\"https:\/\/www.instagram.com\/crabhouse.cun\/\"]}]}<\/script>\n<!-- \/ Yoast SEO plugin. -->","yoast_head_json":{"title":"Politicas de privacidad - Crabhouse Canc\u00fan","robots":{"index":"index","follow":"follow","max-snippet":"max-snippet:-1","max-image-preview":"max-image-preview:large","max-video-preview":"max-video-preview:-1"},"canonical":"https:\/\/crabhouse.com.mx\/en\/politicas-de-privacidad\/","og_locale":"en_US","og_type":"article","og_title":"Politicas de privacidad - Crabhouse Canc\u00fan","og_description":"Pol\u00edtica de Privacidad \u2013 Crab House Canc\u00fan Esta Pol\u00edtica de Privacidad describe c\u00f3mo Crab House Canc\u00fan recopila, utiliza y protege la informaci\u00f3n personal que usted proporciona a trav\u00e9s de nuestro sitio web https:\/\/crabhouse.com.mx. Nos comprometemos a respetar su privacidad y proteger la informaci\u00f3n que nos proporciona. Informaci\u00f3n que Recopilamos Podemos recopilar informaci\u00f3n personal que usted [&hellip;]","og_url":"https:\/\/crabhouse.com.mx\/en\/politicas-de-privacidad\/","og_site_name":"Crabhouse Canc\u00fan","article_publisher":"https:\/\/www.facebook.com\/crabhouse.cun\/","article_modified_time":"2024-03-25T22:23:40+00:00","twitter_card":"summary_large_image","twitter_misc":{"Est. reading time":"2 minutes"},"schema":{"@context":"https:\/\/schema.org","@graph":[{"@type":"WebPage","@id":"https:\/\/crabhouse.com.mx\/politicas-de-privacidad\/","url":"https:\/\/crabhouse.com.mx\/politicas-de-privacidad\/","name":"Politicas de privacidad - Crabhouse Canc\u00fan","isPartOf":{"@id":"https:\/\/crabhouse.com.mx\/#website"},"datePublished":"2024-03-25T22:17:23+00:00","dateModified":"2024-03-25T22:23:40+00:00","breadcrumb":{"@id":"https:\/\/crabhouse.com.mx\/politicas-de-privacidad\/#breadcrumb"},"inLanguage":"en-US","potentialAction":[{"@type":"ReadAction","target":["https:\/\/crabhouse.com.mx\/politicas-de-privacidad\/"]}]},{"@type":"BreadcrumbList","@id":"https:\/\/crabhouse.com.mx\/politicas-de-privacidad\/#breadcrumb","itemListElement":[{"@type":"ListItem","position":1,"name":"Portada","item":"https:\/\/crabhouse.com.mx\/"},{"@type":"ListItem","position":2,"name":"Politicas de privacidad"}]},{"@type":"WebSite","@id":"https:\/\/crabhouse.com.mx\/#website","url":"https:\/\/crabhouse.com.mx\/","name":"Crabhouse Canc\u00fan","description":"","publisher":{"@id":"https:\/\/crabhouse.com.mx\/#organization"},"potentialAction":[{"@type":"SearchAction","target":{"@type":"EntryPoint","urlTemplate":"https:\/\/crabhouse.com.mx\/?s={search_term_string}"},"query-input":{"@type":"PropertyValueSpecification","valueRequired":true,"valueName":"search_term_string"}}],"inLanguage":"en-US"},{"@type":"Organization","@id":"https:\/\/crabhouse.com.mx\/#organization","name":"Crabhouse Canc\u00fan","url":"https:\/\/crabhouse.com.mx\/","logo":{"@type":"ImageObject","inLanguage":"en-US","@id":"https:\/\/crabhouse.com.mx\/#\/schema\/logo\/image\/","url":"https:\/\/crabhouse.com.mx\/wp-content\/uploads\/2024\/04\/Logo-Crab-House-1.png","contentUrl":"https:\/\/crabhouse.com.mx\/wp-content\/uploads\/2024\/04\/Logo-Crab-House-1.png","width":2750,"height":2125,"caption":"Crabhouse Canc\u00fan"},"image":{"@id":"https:\/\/crabhouse.com.mx\/#\/schema\/logo\/image\/"},"sameAs":["https:\/\/www.facebook.com\/crabhouse.cun\/","https:\/\/www.instagram.com\/crabhouse.cun\/"]}]}},"_links":{"self":[{"href":"https:\/\/crabhouse.com.mx\/en\/wp-json\/wp\/v2\/pages\/843"}],"collection":[{"href":"https:\/\/crabhouse.com.mx\/en\/wp-json\/wp\/v2\/pages"}],"about":[{"href":"https:\/\/crabhouse.com.mx\/en\/wp-json\/wp\/v2\/types\/page"}],"author":[{"embeddable":true,"href":"https:\/\/crabhouse.com.mx\/en\/wp-json\/wp\/v2\/users\/1"}],"replies":[{"embeddable":true,"href":"https:\/\/crabhouse.com.mx\/en\/wp-json\/wp\/v2\/comments?post=843"}],"version-history":[{"count":8,"href":"https:\/\/crabhouse.com.mx\/en\/wp-json\/wp\/v2\/pages\/843\/revisions"}],"predecessor-version":[{"id":851,"href":"https:\/\/crabhouse.com.mx\/en\/wp-json\/wp\/v2\/pages\/843\/revisions\/851"}],"wp:attachment":[{"href":"https:\/\/crabhouse.com.mx\/en\/wp-json\/wp\/v2\/media?parent=843"}],"curies":[{"name":"wp","href":"https:\/\/api.w.org\/{rel}","templated":true}]}}